{"id":2284,"date":"2014-02-18T11:13:10","date_gmt":"2014-02-18T11:13:10","guid":{"rendered":"https:\/\/www.restauracion-obras-arte.com\/publicaciones-restauracion-2\/"},"modified":"2026-03-11T15:52:23","modified_gmt":"2026-03-11T15:52:23","slug":"publications","status":"publish","type":"page","link":"https:\/\/www.restauracion-obras-arte.com\/en\/publications\/","title":{"rendered":"Publications"},"content":{"rendered":"<div style=\"text-align: center;\">\n<hgroup id=\"g1-hgroup-counter-1\" class=\"g1-hgroup g1-type-classic\">\n<h1 class=\"g1-important\">Publications<\/h1>\n<\/hgroup>\n<div id=\"g1-divider-counter-1\" class=\"g1-divider g1-type-classic-1\"><\/div>\n<p>We list our publications on conservation and restoration of works of art:<\/p>\n<ul>\n<li style=\"text-align: left;\"><strong>\u201c<span class=\"HwtZe\" lang=\"en\"><span class=\"jCAhz ChMk0b\"><span class=\"ryNqvb\">Restoration of the organ of San Juan El Real de Calatayud<\/span><\/span><\/span>\u201d<\/strong> Ministerio de Educaci\u00f3n, Diputaci\u00f3n General de Arag\u00f3n, Caja Inmaculada. 2001<\/li>\n<li style=\"text-align: left;\"><strong>\u201c<span class=\"HwtZe\" lang=\"en\"><span class=\"jCAhz ChMk0b\"><span class=\"ryNqvb\">Restoration of the main organ of the Cathedral of El Salvador in Zaragoza<\/span><\/span><\/span>\u201d<\/strong>. Diputaci\u00f3n General de Arag\u00f3n, Ibercaja, Cabildo metropolitano de Zaragoza. 2003.<\/li>\n<li style=\"text-align: left;\"><strong>\u201c<span class=\"HwtZe\" lang=\"en\"><span class=\"jCAhz ChMk0b\"><span class=\"ryNqvb\">Interview with Carmen Cubas, specialist in lacquered furniture.<\/span><\/span><\/span>\u201d<\/strong> Vogue 1990<\/li>\n<\/ul>\n<\/div>\n","protected":false},"excerpt":{"rendered":"<p>We list our publications on conservation and restoration of works of art: \u201cRestoration of the organ of San Juan El Real de Calatayud\u201d Ministerio de Educaci\u00f3n, Diputaci\u00f3n General de Arag\u00f3n, Caja Inmaculada. 2001 \u201cRestoration of the main organ of the Cathedral of El Salvador in Zaragoza\u201d. Diputaci\u00f3n General de Arag\u00f3n, Ibercaja, Cabildo metropolitano de Zaragoza. [&hellip;]<\/p>\n","protected":false},"author":1,"featured_media":0,"parent":0,"menu_order":0,"comment_status":"closed","ping_status":"closed","template":"","meta":{"footnotes":""},"class_list":["post-2284","page","type-page","status-publish","hentry"],"aioseo_notices":[],"_links":{"self":[{"href":"https:\/\/www.restauracion-obras-arte.com\/en\/wp-json\/wp\/v2\/pages\/2284","targetHints":{"allow":["GET"]}}],"collection":[{"href":"https:\/\/www.restauracion-obras-arte.com\/en\/wp-json\/wp\/v2\/pages"}],"about":[{"href":"https:\/\/www.restauracion-obras-arte.com\/en\/wp-json\/wp\/v2\/types\/page"}],"author":[{"embeddable":true,"href":"https:\/\/www.restauracion-obras-arte.com\/en\/wp-json\/wp\/v2\/users\/1"}],"replies":[{"embeddable":true,"href":"https:\/\/www.restauracion-obras-arte.com\/en\/wp-json\/wp\/v2\/comments?post=2284"}],"version-history":[{"count":3,"href":"https:\/\/www.restauracion-obras-arte.com\/en\/wp-json\/wp\/v2\/pages\/2284\/revisions"}],"predecessor-version":[{"id":6088,"href":"https:\/\/www.restauracion-obras-arte.com\/en\/wp-json\/wp\/v2\/pages\/2284\/revisions\/6088"}],"wp:attachment":[{"href":"https:\/\/www.restauracion-obras-arte.com\/en\/wp-json\/wp\/v2\/media?parent=2284"}],"curies":[{"name":"wp","href":"https:\/\/api.w.org\/{rel}","templated":true}]}}