{"id":2327,"date":"2012-01-02T15:22:59","date_gmt":"2012-01-02T15:22:59","guid":{"rendered":"https:\/\/www.restauracion-obras-arte.com\/contacto-restauradores-2\/"},"modified":"2025-03-14T11:45:32","modified_gmt":"2025-03-14T11:45:32","slug":"contact","status":"publish","type":"page","link":"https:\/\/www.restauracion-obras-arte.com\/en\/contact\/","title":{"rendered":"Contact"},"content":{"rendered":"<hgroup id=\"g1-hgroup-counter-1\" class=\"g1-hgroup g1-type-classic\">\n<h1 class=\"g1-important\" style=\"text-align: center;\">Contact<\/h1>\n<\/hgroup>\n<div id=\"g1-divider-counter-1\" class=\"g1-divider g1-type-classic-1\"><\/div>\n<p>We are a <b>specialized and experienced in the conservation and restoration of works of art.<\/b> We restore paintings on canvas and wood statues, sculptures, wall paintings, altarpieces and organs, furniture, books, documents, graphics, scrolls, bindings and any type of gold, silver and polychrome object. To inquire about our services, please complete the form below and we will reply as soon as possible.<\/p>\n<ul class=\"g1-grid\"><li class=\"g1-column g1-one-half g1-valign-top\" id=\"g1-grid-counter-0\" >\n<h2>Send us a message<\/h2>\n\n<div class=\"wpcf7 no-js\" id=\"wpcf7-f2325-o1\" lang=\"en-US\" dir=\"ltr\" data-wpcf7-id=\"2325\">\n<div class=\"screen-reader-response\"><p role=\"status\" aria-live=\"polite\" aria-atomic=\"true\"><\/p> <ul><\/ul><\/div>\n<form action=\"\/en\/wp-json\/wp\/v2\/pages\/2327#wpcf7-f2325-o1\" method=\"post\" class=\"wpcf7-form init wpcf7-acceptance-as-validation\" aria-label=\"Contact form\" novalidate=\"novalidate\" data-status=\"init\">\n<fieldset class=\"hidden-fields-container\"><input type=\"hidden\" name=\"_wpcf7\" value=\"2325\" \/><input type=\"hidden\" name=\"_wpcf7_version\" value=\"6.1.5\" \/><input type=\"hidden\" name=\"_wpcf7_locale\" value=\"en_US\" \/><input type=\"hidden\" name=\"_wpcf7_unit_tag\" value=\"wpcf7-f2325-o1\" \/><input type=\"hidden\" name=\"_wpcf7_container_post\" value=\"0\" \/><input type=\"hidden\" name=\"_wpcf7_posted_data_hash\" value=\"\" \/><input type=\"hidden\" name=\"_wpcf7_recaptcha_response\" value=\"\" \/>\n<\/fieldset>\n<style>\n.grecaptcha-badge {\n\tdisplay: block;\n}\n<\/style>\n<p>Your name (required)\n<\/p>\n<p><span class=\"wpcf7-form-control-wrap\" data-name=\"your-name\"><input size=\"40\" maxlength=\"400\" class=\"wpcf7-form-control wpcf7-text wpcf7-validates-as-required\" aria-required=\"true\" aria-invalid=\"false\" value=\"\" type=\"text\" name=\"your-name\" \/><\/span>\n<\/p>\n<p>Your e-mail (required)\n<\/p>\n<p><span class=\"wpcf7-form-control-wrap\" data-name=\"your-email\"><input size=\"40\" maxlength=\"400\" class=\"wpcf7-form-control wpcf7-email wpcf7-validates-as-required wpcf7-text wpcf7-validates-as-email\" aria-required=\"true\" aria-invalid=\"false\" value=\"\" type=\"email\" name=\"your-email\" \/><\/span>\n<\/p>\n<p>Your telephone number\n<\/p>\n<p><span class=\"wpcf7-form-control-wrap\" data-name=\"tel-756\"><input size=\"40\" maxlength=\"400\" class=\"wpcf7-form-control wpcf7-tel wpcf7-text wpcf7-validates-as-tel\" aria-invalid=\"false\" value=\"\" type=\"tel\" name=\"tel-756\" \/><\/span>\n<\/p>\n<p>Subject\n<\/p>\n<p><span class=\"wpcf7-form-control-wrap\" data-name=\"your-subject\"><input size=\"40\" maxlength=\"400\" class=\"wpcf7-form-control wpcf7-text\" aria-invalid=\"false\" value=\"\" type=\"text\" name=\"your-subject\" \/><\/span>\n<\/p>\n<p>Your message (required)\n<\/p>\n<p><span class=\"wpcf7-form-control-wrap\" data-name=\"your-message\"><textarea cols=\"40\" rows=\"10\" maxlength=\"2000\" class=\"wpcf7-form-control wpcf7-textarea wpcf7-validates-as-required\" aria-required=\"true\" aria-invalid=\"false\" name=\"your-message\"><\/textarea><\/span>\n<\/p>\n<p><span class=\"wpcf7-form-control-wrap\" data-name=\"acceptance-34\"><span class=\"wpcf7-form-control wpcf7-acceptance\"><span class=\"wpcf7-list-item\"><label><input type=\"checkbox\" name=\"acceptance-34\" value=\"1\" aria-invalid=\"false\" \/><span class=\"wpcf7-list-item-label\">I have read and accepted (required) <a href=\"https:\/\/www.restauracion-obras-arte.com\/en\/privacy-policy\/\" target=\"_new\">the privacy policy <\/a> (requerido)<\/span><\/label><\/span><\/span><\/span>\n<\/p>\n<p><input class=\"wpcf7-form-control wpcf7-submit has-spinner\" type=\"submit\" value=\"Send\" \/>\n<\/p><div class=\"wpcf7-response-output\" aria-hidden=\"true\"><\/div>\n<\/form>\n<\/div>\n\n<table class=\"tabla-privacidad\">\n<thead>\n<tr>\n<td colspan=\"2\">Informaci\u00f3n b\u00e1sica sobre Protecci\u00f3n de Datos<\/td>\n<\/tr>\n<\/thead>\n<tbody>\n<tr>\n<td>Responsable<\/td>\n<td>Carmen Cubas Basterrechea<\/td>\n<\/tr>\n<tr>\n<td>Finalidad<\/td>\n<td>Gestionar las consultas que se realicen a trav\u00e9s de la web y realizar env\u00edos acerca de las actividades, productos, servicios.<\/td>\n<\/tr>\n<tr>\n<td>Legitimaci\u00f3n<\/td>\n<td>Consentimiento del interesado<\/td>\n<\/tr>\n<tr>\n<td>Destinatarios<\/td>\n<td>Los datos recogidos en este formulario no se ceder\u00e1n a terceros, salvo obligaci\u00f3n legal o para poder dar cumplimiento al objeto para el cual fueron facilitados.<\/td>\n<\/tr>\n<tr>\n<td>Derechos<\/td>\n<td>Tiene derecho a acceder, rectificar y suprimir los datos, as\u00ed como otros derechos, como se explica en la informaci\u00f3n adicional<\/td>\n<\/tr>\n<tr>\n<td>Informaci\u00f3n adicional<\/td>\n<td>Puede consultar la informaci\u00f3n adicional y detallada sobre Protecci\u00f3n de Datos en nuestra p\u00e1gina web: <a href=\"https:\/\/www.restauracion-obras-arte.com\/politica-de-proteccion-de-datos\/\" target=\"_blank\" rel=\"noopener\">https:\/\/www.restauracion-obras-arte.com\/politica-de-proteccion-de-datos\/<\/a><\/td>\n<\/tr>\n<\/tbody>\n<\/table>\n<\/li><!-- --><li class=\"g1-column g1-one-half g1-valign-top\" id=\"g1-grid-counter-1\" >\n<h2>Telephone Numbers<\/h2>\n<dl>\n<dt><strong> Madrid<\/strong><\/dt>\n<dd>Carmen Cubas Basterrechea:<\/dd>\n<dd>+34\u00a0678 25 09 74<\/dd>\n<dd>\n<dl>\n<dd>Irene Orueta Carvallo:<\/dd>\n<dd>+34 608 81 14 43<\/dd>\n<\/dl>\n<\/dd>\n<dd><\/dd>\n<dd><\/dd>\n<\/dl>\n<hr \/>\n<\/li><!-- --><\/ul>\n","protected":false},"excerpt":{"rendered":"<p>We are a specialized and experienced in the conservation and restoration of works of art. We restore paintings on canvas and wood statues, sculptures, wall paintings, altarpieces and organs, furniture, books, documents, graphics, scrolls, bindings and any type of gold, silver and polychrome object. To inquire about our services, please complete the form below and [&hellip;]<\/p>\n","protected":false},"author":1,"featured_media":0,"parent":0,"menu_order":180,"comment_status":"closed","ping_status":"closed","template":"g1_template_page_full.php","meta":{"footnotes":""},"class_list":["post-2327","page","type-page","status-publish","hentry"],"aioseo_notices":[],"_links":{"self":[{"href":"https:\/\/www.restauracion-obras-arte.com\/en\/wp-json\/wp\/v2\/pages\/2327","targetHints":{"allow":["GET"]}}],"collection":[{"href":"https:\/\/www.restauracion-obras-arte.com\/en\/wp-json\/wp\/v2\/pages"}],"about":[{"href":"https:\/\/www.restauracion-obras-arte.com\/en\/wp-json\/wp\/v2\/types\/page"}],"author":[{"embeddable":true,"href":"https:\/\/www.restauracion-obras-arte.com\/en\/wp-json\/wp\/v2\/users\/1"}],"replies":[{"embeddable":true,"href":"https:\/\/www.restauracion-obras-arte.com\/en\/wp-json\/wp\/v2\/comments?post=2327"}],"version-history":[{"count":3,"href":"https:\/\/www.restauracion-obras-arte.com\/en\/wp-json\/wp\/v2\/pages\/2327\/revisions"}],"predecessor-version":[{"id":5142,"href":"https:\/\/www.restauracion-obras-arte.com\/en\/wp-json\/wp\/v2\/pages\/2327\/revisions\/5142"}],"wp:attachment":[{"href":"https:\/\/www.restauracion-obras-arte.com\/en\/wp-json\/wp\/v2\/media?parent=2327"}],"curies":[{"name":"wp","href":"https:\/\/api.w.org\/{rel}","templated":true}]}}