{"id":2093,"date":"2012-03-13T17:48:38","date_gmt":"2012-03-13T17:48:38","guid":{"rendered":"https:\/\/www.restauracion-obras-arte.com\/?page_id=2093"},"modified":"2014-04-03T08:40:23","modified_gmt":"2014-04-03T08:40:23","slug":"home-before-after","status":"publish","type":"page","link":"https:\/\/www.restauracion-obras-arte.com\/fr\/","title":{"rendered":"Inicio"},"content":{"rendered":"<div style=\"text-align: center;\"><hgroup id=\"g1-hgroup-counter-1\" class=\"g1-hgroup g1-type-classic\">\n<p align=\"center\">QUI SOMMES-NOUS<\/p>\n<p align=\"center\">Restauration D&rsquo;\u0153uvres D&rsquo;art<\/p>\n<\/hgroup><\/p>\n<ul class=\"g1-grid\"><li class=\"g1-column g1-one-third g1-valign-middle\" id=\"g1-grid-counter-0\" >\n<\/li><!-- --><li class=\"g1-column g1-one-third g1-valign-middle\" id=\"g1-grid-counter-1\" >\n<p><img decoding=\"async\" class=\"aligncenter\" alt=\"\" src=\"https:\/\/www.restauracion-obras-arte.com\/wp-content\/uploads\/2014\/02\/sobre-nosotros.jpg\" \/><\/p>\n<\/li><!-- --><li class=\"g1-column g1-one-third g1-valign-middle\" id=\"g1-grid-counter-2\" ><br \/>\n<\/li><!-- --><\/ul>\n<\/div>\n<div style=\"text-align: center;\">\n<div id=\"g1-lead-counter-1\" class=\"g1-lead\" >\n<p>Nous sommes une \u00e9quipe multidisciplinaire de professionnels titulaires d&rsquo;un Master <b>de<\/b> <b>Conservation\u2013Restauration de Biens Culturels.\u00a0<\/b>Nous avons une\u00a0<b>longue exp\u00e9rience<\/b> professionnelle dans <b>les institutions publiques et les collections priv\u00e9es.<\/b><\/p>\n<p align=\"center\">Nous suivons <b>les recommandations internationales<\/b> pour la conservation et la restauration des biens culturels \u00a0\u2028sur les notions de <b>stabilit\u00e9, r\u00e9versibilit\u00e9 et compatibilit\u00e9 des mat\u00e9riaux.<\/b><\/p>\n<\/div>\n<\/div>\n","protected":false},"excerpt":{"rendered":"","protected":false},"author":1,"featured_media":0,"parent":0,"menu_order":0,"comment_status":"closed","ping_status":"closed","template":"g1_template_page_full.php","meta":{"footnotes":""},"class_list":["post-2093","page","type-page","status-publish","hentry"],"aioseo_notices":[],"_links":{"self":[{"href":"https:\/\/www.restauracion-obras-arte.com\/fr\/wp-json\/wp\/v2\/pages\/2093","targetHints":{"allow":["GET"]}}],"collection":[{"href":"https:\/\/www.restauracion-obras-arte.com\/fr\/wp-json\/wp\/v2\/pages"}],"about":[{"href":"https:\/\/www.restauracion-obras-arte.com\/fr\/wp-json\/wp\/v2\/types\/page"}],"author":[{"embeddable":true,"href":"https:\/\/www.restauracion-obras-arte.com\/fr\/wp-json\/wp\/v2\/users\/1"}],"replies":[{"embeddable":true,"href":"https:\/\/www.restauracion-obras-arte.com\/fr\/wp-json\/wp\/v2\/comments?post=2093"}],"version-history":[{"count":0,"href":"https:\/\/www.restauracion-obras-arte.com\/fr\/wp-json\/wp\/v2\/pages\/2093\/revisions"}],"wp:attachment":[{"href":"https:\/\/www.restauracion-obras-arte.com\/fr\/wp-json\/wp\/v2\/media?parent=2093"}],"curies":[{"name":"wp","href":"https:\/\/api.w.org\/{rel}","templated":true}]}}