{"id":2275,"date":"2014-02-18T11:12:34","date_gmt":"2014-02-18T11:12:34","guid":{"rendered":"https:\/\/www.restauracion-obras-arte.com\/restauradores-expertos-2\/"},"modified":"2026-02-25T12:06:03","modified_gmt":"2026-02-25T12:06:03","slug":"conservateur-restaurateurs-experts","status":"publish","type":"page","link":"https:\/\/www.restauracion-obras-arte.com\/fr\/conservateur-restaurateurs-experts\/","title":{"rendered":"Restaurateurs d&rsquo;experts"},"content":{"rendered":"<hgroup id=\"g1-hgroup-counter-1\" class=\"g1-hgroup g1-type-classic\">\n<h1 class=\"g1-important\">Formation de nos Conservateurs-Restaurateurs<\/h1>\n<\/hgroup>\n<div id=\"g1-divider-counter-1\" class=\"g1-divider g1-type-classic-1\"><\/div>\n<p>La formation \u00a0de notre equipe de conservateurs-restaurateurs de Biens Culturels:<\/p>\n<p style=\"text-align: left;\"><strong>Licenci\u00e9s et titulaire du master Conservation-restauration des Biens Culturels.<\/strong><\/p>\n<ul>\n<li style=\"text-align: left;\">Sp\u00e9cialit\u00e9 en peinture de chevalet (sur toile ou bois)<\/li>\n<li style=\"text-align: left;\">Sp\u00e9cialit\u00e9 en peinture murale<\/li>\n<li style=\"text-align: left;\">Sp\u00e9cialit\u00e9 \u00a0en retables<\/li>\n<li style=\"text-align: left;\">Sp\u00e9cialit\u00e9 en sculptures<\/li>\n<\/ul>\n<p style=\"text-align: left;\"><strong>Conservateurs-restaurateurs du mobilier:<\/strong><\/p>\n<ul>\n<li style=\"text-align: left;\">Restaurateurs de meubles<\/li>\n<li style=\"text-align: left;\">Eb\u00e9nistes<\/li>\n<li style=\"text-align: left;\">Charpentiers<\/li>\n<\/ul>\n","protected":false},"excerpt":{"rendered":"<p>La formation \u00a0de notre equipe de conservateurs-restaurateurs de Biens Culturels: Licenci\u00e9s et titulaire du master Conservation-restauration des Biens Culturels. Sp\u00e9cialit\u00e9 en peinture de chevalet (sur toile ou bois) Sp\u00e9cialit\u00e9 en peinture murale Sp\u00e9cialit\u00e9 \u00a0en retables Sp\u00e9cialit\u00e9 en sculptures Conservateurs-restaurateurs du mobilier: Restaurateurs de meubles Eb\u00e9nistes Charpentiers<\/p>\n","protected":false},"author":1,"featured_media":0,"parent":0,"menu_order":0,"comment_status":"closed","ping_status":"closed","template":"","meta":{"footnotes":""},"class_list":["post-2275","page","type-page","status-publish","hentry"],"aioseo_notices":[],"_links":{"self":[{"href":"https:\/\/www.restauracion-obras-arte.com\/fr\/wp-json\/wp\/v2\/pages\/2275","targetHints":{"allow":["GET"]}}],"collection":[{"href":"https:\/\/www.restauracion-obras-arte.com\/fr\/wp-json\/wp\/v2\/pages"}],"about":[{"href":"https:\/\/www.restauracion-obras-arte.com\/fr\/wp-json\/wp\/v2\/types\/page"}],"author":[{"embeddable":true,"href":"https:\/\/www.restauracion-obras-arte.com\/fr\/wp-json\/wp\/v2\/users\/1"}],"replies":[{"embeddable":true,"href":"https:\/\/www.restauracion-obras-arte.com\/fr\/wp-json\/wp\/v2\/comments?post=2275"}],"version-history":[{"count":3,"href":"https:\/\/www.restauracion-obras-arte.com\/fr\/wp-json\/wp\/v2\/pages\/2275\/revisions"}],"predecessor-version":[{"id":5566,"href":"https:\/\/www.restauracion-obras-arte.com\/fr\/wp-json\/wp\/v2\/pages\/2275\/revisions\/5566"}],"wp:attachment":[{"href":"https:\/\/www.restauracion-obras-arte.com\/fr\/wp-json\/wp\/v2\/media?parent=2275"}],"curies":[{"name":"wp","href":"https:\/\/api.w.org\/{rel}","templated":true}]}}