{"id":2281,"date":"2014-02-18T11:12:59","date_gmt":"2014-02-18T11:12:59","guid":{"rendered":"https:\/\/www.restauracion-obras-arte.com\/nuestros-clientes-2\/"},"modified":"2026-02-25T12:17:17","modified_gmt":"2026-02-25T12:17:17","slug":"nos-clients","status":"publish","type":"page","link":"https:\/\/www.restauracion-obras-arte.com\/fr\/nos-clients\/","title":{"rendered":"Nos clients"},"content":{"rendered":"<div style=\"text-align: center;\">\n<hgroup id=\"g1-hgroup-counter-1\" class=\"g1-hgroup g1-type-classic\">\n<h1 class=\"g1-important\">Nos clients<\/h1>\n<\/hgroup>\n<div id=\"g1-divider-counter-1\" class=\"g1-divider g1-type-classic-1\"><\/div>\n<p style=\"text-align: left;\"><strong>Entit\u00e9s publiques:<\/strong><\/p>\n<ul style=\"text-align: left;\">\n<li>Junta de Castilla y Le\u00f3n<\/li>\n<li>Diputaci\u00f3n General de Arag\u00f3n<\/li>\n<li>Diputaci\u00f3n Provincial de Zaragoza<\/li>\n<\/ul>\n<p style=\"text-align: left;\"><strong>Organisations religieuses:<\/strong><\/p>\n<ul style=\"text-align: left;\">\n<li>Paroisse de Mores, Zaragoza<\/li>\n<li>Confr\u00e9rie de Ntra. Sra. de La Virgen de la Sierra,Herrera de los Navarros, Zaragoza<\/li>\n<li>Paroisse de Sestrica, Zaragoza<\/li>\n<li>Paroisse de Mansilla la Mayor, Le\u00f3n<\/li>\n<li>Couvent de Santa Mar\u00eda de Gradefes, Le\u00f3n<\/li>\n<li>Cath\u00e9drale Castrense de Madrid<\/li>\n<\/ul>\n<p style=\"text-align: left;\"><strong>Fondations:<\/strong><\/p>\n<ul>\n<li style=\"text-align: left;\">Fondation du Patrimonio Historique de Castilla y Le\u00f3n<\/li>\n<li style=\"text-align: left;\">Fundation de la Duchesse de Soria<\/li>\n<\/ul>\n<p style=\"text-align: left;\"><strong> Collections priv\u00e9es: <\/strong><\/p>\n<ul style=\"text-align: left;\">\n<li>Pinacoth\u00e8que des Duques de Alburquerque<\/li>\n<li>Pinacoth\u00e8que de la Duchesse de Cardona<\/li>\n<li>Pinacoth\u00e8que du Marquis de Barber\u00e1<\/li>\n<li>Pinacoth\u00e8que des Comtes de Bornos<\/li>\n<li>Pinacoth\u00e8que du Marquis de Bolarque<\/li>\n<\/ul>\n<p style=\"text-align: left;\"><strong>Antiquaires: <\/strong><\/p>\n<ul style=\"text-align: left;\">\n<li>Cavestany<\/li>\n<li>Orno<\/li>\n<li>Enrique Calvente<\/li>\n<li>Caledonia<\/li>\n<li>Luis Gil<\/li>\n<li>Lorenzo del Castillo<\/li>\n<li>S\u00e9ptimino<\/li>\n<li>Miguel Cebri\u00e1n<\/li>\n<\/ul>\n<p style=\"text-align: left;\">Tous nos travaux sont accompagn\u00e9s d&rsquo;un certificat d&rsquo;accr\u00e9ditation.<\/p>\n<\/div>\n","protected":false},"excerpt":{"rendered":"<p>Entit\u00e9s publiques: Junta de Castilla y Le\u00f3n Diputaci\u00f3n General de Arag\u00f3n Diputaci\u00f3n Provincial de Zaragoza Organisations religieuses: Paroisse de Mores, Zaragoza Confr\u00e9rie de Ntra. Sra. de La Virgen de la Sierra,Herrera de los Navarros, Zaragoza Paroisse de Sestrica, Zaragoza Paroisse de Mansilla la Mayor, Le\u00f3n Couvent de Santa Mar\u00eda de Gradefes, Le\u00f3n Cath\u00e9drale Castrense de [&hellip;]<\/p>\n","protected":false},"author":1,"featured_media":0,"parent":0,"menu_order":0,"comment_status":"closed","ping_status":"closed","template":"","meta":{"footnotes":""},"class_list":["post-2281","page","type-page","status-publish","hentry"],"aioseo_notices":[],"_links":{"self":[{"href":"https:\/\/www.restauracion-obras-arte.com\/fr\/wp-json\/wp\/v2\/pages\/2281","targetHints":{"allow":["GET"]}}],"collection":[{"href":"https:\/\/www.restauracion-obras-arte.com\/fr\/wp-json\/wp\/v2\/pages"}],"about":[{"href":"https:\/\/www.restauracion-obras-arte.com\/fr\/wp-json\/wp\/v2\/types\/page"}],"author":[{"embeddable":true,"href":"https:\/\/www.restauracion-obras-arte.com\/fr\/wp-json\/wp\/v2\/users\/1"}],"replies":[{"embeddable":true,"href":"https:\/\/www.restauracion-obras-arte.com\/fr\/wp-json\/wp\/v2\/comments?post=2281"}],"version-history":[{"count":3,"href":"https:\/\/www.restauracion-obras-arte.com\/fr\/wp-json\/wp\/v2\/pages\/2281\/revisions"}],"predecessor-version":[{"id":5569,"href":"https:\/\/www.restauracion-obras-arte.com\/fr\/wp-json\/wp\/v2\/pages\/2281\/revisions\/5569"}],"wp:attachment":[{"href":"https:\/\/www.restauracion-obras-arte.com\/fr\/wp-json\/wp\/v2\/media?parent=2281"}],"curies":[{"name":"wp","href":"https:\/\/api.w.org\/{rel}","templated":true}]}}