{"id":2289,"date":"2014-02-18T11:13:21","date_gmt":"2014-02-18T11:13:21","guid":{"rendered":"https:\/\/www.restauracion-obras-arte.com\/presupuestos-tasaciones-precios-2\/"},"modified":"2026-02-25T12:25:33","modified_gmt":"2026-02-25T12:25:33","slug":"les-budgets-et-les-evaluations","status":"publish","type":"page","link":"https:\/\/www.restauracion-obras-arte.com\/fr\/les-budgets-et-les-evaluations\/","title":{"rendered":"Les budgets et les \u00e9valuations"},"content":{"rendered":"<div style=\"text-align: center;\">\n<hgroup id=\"g1-hgroup-counter-1\" class=\"g1-hgroup g1-type-classic\">\n<h1 class=\"g1-important\">Devis, expertises et estimations<\/h1>\n<\/hgroup>\n<div id=\"g1-divider-counter-1\" class=\"g1-divider g1-type-classic-1\"><\/div>\n<p><span style=\"font-size: 28px;\"><span style=\"color: #000000;\">Expertises et estimations<\/span> <span style=\"color: #780a0f;\">d&rsquo;oeuvres d&rsquo;art<\/span><\/span><\/p>\n<p style=\"text-align: left;\">Pour les grands chantiers de conservation et restauration nous \u00e9tablissons des projets qui comprennent:<\/p>\n<ul>\n<li style=\"text-align: left;\"><strong>Synth\u00e8se de l&rsquo;\u00e9tat de conservation de l&rsquo;oeuvre \u00e0 traiter (constat d&rsquo;\u00e9tat, diagnostic)<\/strong><\/li>\n<li style=\"text-align: left;\"><strong>Proposition de traitement (crit\u00e8re,m\u00e9thode, proc\u00e9d\u00e9s, etc.)<\/strong><\/li>\n<li style=\"text-align: left;\"><strong>Estimation (dur\u00e9e de l&rsquo;intervention, moyens, humains, mat\u00e9riels et financiers)<\/strong><\/li>\n<li style=\"text-align: left;\"><strong>Plan sur la Pr\u00e9vention des risques\u00a0<\/strong><b>professionnels<\/b><\/li>\n<li style=\"text-align: left;\"><strong>Recommandations pour la conservation des \u0153uvres<\/strong><\/li>\n<\/ul>\n<p style=\"text-align: left;\">Projets de restauration approuv\u00e9s:<\/p>\n<\/div>\n<div style=\"text-align: left;\">\n<ul>\n<li>Projet et estimation \u00e9conomique de la restauration de<strong>s peintures sur toile de la Pynacoth\u00e9que de la Duchesse de Cardona<\/strong>.<\/li>\n<li>Projet et estimation \u00e9conomique de la r\u00e9forme du retable<strong> de l&rsquo;\u00c9rmite de Lominchar, Toledo.<\/strong><\/li>\n<li>Projet et estimation \u00e9conomique de la restauration du <strong>retable principal de l&rsquo;\u00e9glise paroissiale d&rsquo; Ibdes, Zaragoza<\/strong>. Diputaci\u00f3n General de Arag\u00f3n.<\/li>\n<\/ul>\n<\/div>\n","protected":false},"excerpt":{"rendered":"<p>Expertises et estimations d&rsquo;oeuvres d&rsquo;art Pour les grands chantiers de conservation et restauration nous \u00e9tablissons des projets qui comprennent: Synth\u00e8se de l&rsquo;\u00e9tat de conservation de l&rsquo;oeuvre \u00e0 traiter (constat d&rsquo;\u00e9tat, diagnostic) Proposition de traitement (crit\u00e8re,m\u00e9thode, proc\u00e9d\u00e9s, etc.) Estimation (dur\u00e9e de l&rsquo;intervention, moyens, humains, mat\u00e9riels et financiers) Plan sur la Pr\u00e9vention des risques\u00a0professionnels Recommandations pour la [&hellip;]<\/p>\n","protected":false},"author":1,"featured_media":0,"parent":0,"menu_order":0,"comment_status":"closed","ping_status":"closed","template":"","meta":{"footnotes":""},"class_list":["post-2289","page","type-page","status-publish","hentry"],"aioseo_notices":[],"_links":{"self":[{"href":"https:\/\/www.restauracion-obras-arte.com\/fr\/wp-json\/wp\/v2\/pages\/2289","targetHints":{"allow":["GET"]}}],"collection":[{"href":"https:\/\/www.restauracion-obras-arte.com\/fr\/wp-json\/wp\/v2\/pages"}],"about":[{"href":"https:\/\/www.restauracion-obras-arte.com\/fr\/wp-json\/wp\/v2\/types\/page"}],"author":[{"embeddable":true,"href":"https:\/\/www.restauracion-obras-arte.com\/fr\/wp-json\/wp\/v2\/users\/1"}],"replies":[{"embeddable":true,"href":"https:\/\/www.restauracion-obras-arte.com\/fr\/wp-json\/wp\/v2\/comments?post=2289"}],"version-history":[{"count":3,"href":"https:\/\/www.restauracion-obras-arte.com\/fr\/wp-json\/wp\/v2\/pages\/2289\/revisions"}],"predecessor-version":[{"id":5573,"href":"https:\/\/www.restauracion-obras-arte.com\/fr\/wp-json\/wp\/v2\/pages\/2289\/revisions\/5573"}],"wp:attachment":[{"href":"https:\/\/www.restauracion-obras-arte.com\/fr\/wp-json\/wp\/v2\/media?parent=2289"}],"curies":[{"name":"wp","href":"https:\/\/api.w.org\/{rel}","templated":true}]}}