{"id":2293,"date":"2014-02-18T11:14:18","date_gmt":"2014-02-18T11:14:18","guid":{"rendered":"https:\/\/www.restauracion-obras-arte.com\/conversacion-restauracion-pintura-mural-2\/"},"modified":"2026-03-05T12:52:10","modified_gmt":"2026-03-05T12:52:10","slug":"restauration-peinture-murale","status":"publish","type":"page","link":"https:\/\/www.restauracion-obras-arte.com\/fr\/restauration-peinture-murale\/","title":{"rendered":"Peinture murale"},"content":{"rendered":"<div style=\"text-align: center;\">\n<hgroup id=\"g1-hgroup-counter-1\" class=\"g1-hgroup g1-type-classic\">\n<h5 class=\"g1-regular\">Peinture murale<\/h5>\n<h1 class=\"g1-important\">Restauration de peinture murale<\/h1>\n<\/hgroup>\n<div id=\"g1-divider-counter-1\" class=\"g1-divider g1-type-classic-1\"><\/div>\n<\/div>\n<ul class=\"g1-grid\"><li class=\"g1-column g1-one-half g1-valign-top\" id=\"g1-grid-counter-0\" >\n<p><span style=\"font-size: 28px;\"><span style=\"color: #000000;\">Sp\u00e9cialistes en conservation<\/span><br \/>\n<span style=\"color: #000000;\"> et restauration<\/span><br \/>\n<span style=\"color: #000000;\"> de<\/span> <span style=\"color: #780a0f;\">peinture murale<\/span>:<\/span><\/p>\n<\/li><!-- --><li class=\"g1-column g1-one-half g1-valign-top\" id=\"g1-grid-counter-1\" > Les peintures murales font partie int\u00e9grante des monuments et des sites qui les abritent. Par cons\u00e9quent, bon nombre des probl\u00e8mes affectant les b\u00e2timents ont un impact direct sur leur conservation. Nos sp\u00e9cialistes font une \u00e9tude \u00ab\u00a0in situ\u00a0\u00bb des conditions climatiques (temp\u00e9rature et humidit\u00e9) et des possibles usages inappropri\u00e9s et incontr\u00f4l\u00e9s (travaux, nettoyages, etc.) pouvant avoir des effets n\u00e9fastes sur la conservation de l&rsquo;\u0153uvre.<\/p>\n<\/li><!-- --><\/ul>\n<h4 style=\"text-align: center;\"><strong><span style=\"color: #000000;\">L&rsquo;\u00e9tude des agents de d\u00e9gradation et l&rsquo;identification de la technique et des mat\u00e9riaux employ\u00e9s dans l&rsquo;\u0153uvre sont essentielles pour<\/span><\/strong><strong>\u00a0<span style=\"color: #780a0f;\">\u00e9tablir la m\u00e9thodologie las plus\u00a0appropri\u00e9e\u00a0pour un traitement de conservation et restauration \u201cin situ\u201d.<\/span><\/strong><\/h4>\n<p><ul class=\"g1-grid\"><li class=\"g1-column g1-one-half g1-valign-top\" id=\"g1-grid-counter-0\" ><br \/>\n<img loading=\"lazy\" decoding=\"async\" class=\"imagen-circulo size-full wp-image-1436 aligncenter\" src=\"https:\/\/www.restauracion-obras-arte.com\/wp-content\/uploads\/2026\/03\/pintura-mural.jpg\" alt=\"restauraci\u00f3n pintura mural\" width=\"311\" height=\"285\" \/><br \/>\n<\/li><!-- --><li class=\"g1-column g1-one-half g1-valign-top\" id=\"g1-grid-counter-1\" >\n<h4><strong><span style=\"color: #000000;\">Traitements de conservation et restauration de peintures murales:<\/span><\/strong><\/h4>\n<ul>\n<li>D\u00e9poussi\u00e9rage<\/li>\n<li>Refixation de la couche picturale<\/li>\n<li>Dessalement<\/li>\n<li>Consolidation de diff\u00e9rents strates<\/li>\n<li>Traitement de fissures et lacunes de strates<\/li>\n<li>Reintegraci\u00f3n chromatique \u00a0(pertes, rayures, lingettes, etc.)<\/li>\n<li>Protection finale.<\/li>\n<li>Conseils pour la future conservation de l&rsquo;\u0153uvre<\/li>\n<\/ul>\n<\/li><!-- --><\/ul><\/p>\n","protected":false},"excerpt":{"rendered":"<p>L&rsquo;\u00e9tude des agents de d\u00e9gradation et l&rsquo;identification de la technique et des mat\u00e9riaux employ\u00e9s dans l&rsquo;\u0153uvre sont essentielles pour\u00a0\u00e9tablir la m\u00e9thodologie las plus\u00a0appropri\u00e9e\u00a0pour un traitement de conservation et restauration \u201cin situ\u201d.<\/p>\n","protected":false},"author":1,"featured_media":0,"parent":0,"menu_order":0,"comment_status":"closed","ping_status":"closed","template":"","meta":{"footnotes":""},"class_list":["post-2293","page","type-page","status-publish","hentry"],"aioseo_notices":[],"_links":{"self":[{"href":"https:\/\/www.restauracion-obras-arte.com\/fr\/wp-json\/wp\/v2\/pages\/2293","targetHints":{"allow":["GET"]}}],"collection":[{"href":"https:\/\/www.restauracion-obras-arte.com\/fr\/wp-json\/wp\/v2\/pages"}],"about":[{"href":"https:\/\/www.restauracion-obras-arte.com\/fr\/wp-json\/wp\/v2\/types\/page"}],"author":[{"embeddable":true,"href":"https:\/\/www.restauracion-obras-arte.com\/fr\/wp-json\/wp\/v2\/users\/1"}],"replies":[{"embeddable":true,"href":"https:\/\/www.restauracion-obras-arte.com\/fr\/wp-json\/wp\/v2\/comments?post=2293"}],"version-history":[{"count":3,"href":"https:\/\/www.restauracion-obras-arte.com\/fr\/wp-json\/wp\/v2\/pages\/2293\/revisions"}],"predecessor-version":[{"id":5812,"href":"https:\/\/www.restauracion-obras-arte.com\/fr\/wp-json\/wp\/v2\/pages\/2293\/revisions\/5812"}],"wp:attachment":[{"href":"https:\/\/www.restauracion-obras-arte.com\/fr\/wp-json\/wp\/v2\/media?parent=2293"}],"curies":[{"name":"wp","href":"https:\/\/api.w.org\/{rel}","templated":true}]}}