{"id":2297,"date":"2014-02-18T11:14:28","date_gmt":"2014-02-18T11:14:28","guid":{"rendered":"https:\/\/www.restauracion-obras-arte.com\/conservacion-restauracion-pintura-2-2\/"},"modified":"2026-03-11T08:32:27","modified_gmt":"2026-03-11T08:32:27","slug":"restauration-peinture-chevalet","status":"publish","type":"page","link":"https:\/\/www.restauracion-obras-arte.com\/fr\/restauration-peinture-chevalet\/","title":{"rendered":"Peintures"},"content":{"rendered":"<div style=\"text-align: center;\">\n<hgroup id=\"g1-hgroup-counter-1\" class=\"g1-hgroup g1-type-classic\">\n<h5 class=\"g1-regular\">Peintures<\/h5>\n<h1 class=\"g1-important\">Restauration de tableaux anciens, modernes et contemporains<\/h1>\n<\/hgroup>\n<div id=\"g1-divider-counter-1\" class=\"g1-divider g1-type-classic-1\"><\/div>\n<\/div>\n<ul class=\"g1-grid\"><li class=\"g1-column g1-one-half g1-valign-top\" id=\"g1-grid-counter-0\" >\n<p><span style=\"font-size: 28px;\"><span style=\"color: #000000;\">Nous sommes sp\u00e9cialistes de peinture de chevalet et grands formats<\/span>:<\/span><\/p>\n<\/li><!-- --><li class=\"g1-column g1-one-half g1-valign-top\" id=\"g1-grid-counter-1\" >\n<ul>\n<li><span style=\"line-height: 1.5em;\">Conservation et restauration de peintures sur toile (lin, coton, soie, serge, etc.).<\/span><\/li>\n<li>Conservation \u00a0et restauration \u00a0de peintures sur cuivre.<\/li>\n<li>Conservation et restauration de peintures sur papier.<\/li>\n<li>Conservation et restauration \u00a0 de peintures sur cuir.<\/li>\n<\/ul>\n<\/li><!-- --><\/ul>\n<h4 style=\"text-align: center;\"><span style=\"color: #000000;\">Notre objectif principal est d&rsquo;\u00e9tablir comme priorit\u00e9 la conservation sur la restauration. C&rsquo;est \u00e0 dire, ralentir la d\u00e9gradation et minimiser les dommages pour rendre, dans la mesure du possible, son aspect d&rsquo;origine.<\/span><\/h4>\n<p><ul class=\"g1-grid\"><li class=\"g1-column g1-one-half g1-valign-top\" id=\"g1-grid-counter-0\" > <img loading=\"lazy\" decoding=\"async\" class=\"details-image imagen-circulo aligncenter\" draggable=\"false\" src=\"https:\/\/www.restauracion-obras-arte.com\/wp-content\/uploads\/2026\/03\/RetratodeDamaEstado500.jpg\" alt=\"\" width=\"292\" height=\"292\" \/><br \/>\n<\/li><!-- --><li class=\"g1-column g1-one-half g1-valign-top\" id=\"g1-grid-counter-1\" >\n<div class=\"special-li-1\">1.<\/div>\n<h4><strong>Traitements de conservation et restauration de peintures sur bois:<\/strong><\/h4>\n<ul>\n<li>Identitification du support et \u00e9tude des causes de d\u00e9t\u00e9rioration.<\/li>\n<li>Traitements anti-xylofages (col\u00e9opt\u00e8res, termites,etc.) et de d\u00e9sinfection (moisissure, etc.).<\/li>\n<li>Consolidation du bois.<\/li>\n<li>Menuiserie (collage de fentes, joints d&rsquo;assemblages, etc.).<\/li>\n<li>Traitements des couches picturales (refixage, d\u00e9crassage, d\u00e9vernssisage, enl\u00e8vement de repeints, etc.).<\/li>\n<li>Masticage des lacunes de la couche picturale.<\/li>\n<li>R\u00e9int\u00e9gration picturale.<\/li>\n<li>Vernissage.<\/li>\n<li>Conseils pour la future conservation de l&rsquo;\u0153uvre.<\/li>\n<\/ul>\n<\/li><!-- --><\/ul><\/p>\n<ul class=\"g1-grid\"><li class=\"g1-column g1-one-half g1-valign-top\" id=\"g1-grid-counter-0\" >\n<div class=\"special-li-2\">2.<\/div>\n<h4 style=\"text-align: right;\"><span style=\"color: #000000;\"><span style=\"line-height: 1.5em;\">Traitements de conservation et restauration de\u00a0<\/span>peintures<span style=\"line-height: 1.5em;\">\u00a0 sur\u00a0<\/span>toile et sur cuir:<\/span><\/h4>\n<h4 style=\"text-align: right;\"><\/h4>\n<h4 style=\"text-align: right;\"><\/h4>\n<ul>\n<li>Identification du support et \u00e9tude des causes de sa d\u00e9gradation.<\/li>\n<li>Reprise des d\u00e9formations de la toile (enfoncements, plis, etc.)<\/li>\n<li>Traitement de d\u00e9chirures, percements, \u00e9raflures et lacunes du support (reprise par collage fil \u00e0 fil, pose de pi\u00e8ces de renforts et d&rsquo;incrustations \u00a0de toile).<\/li>\n<li>pose de bandes de tensions pour la reprise de la tension de la toile.<\/li>\n<li>Rentoilage( renforcement de toiles tr\u00e8s endommag\u00e9es et fragiles)<\/li>\n<li>Changement de ch\u00e2ssis.<\/li>\n<li>Refixage de la couche picturale.<\/li>\n<li>Nettoyage m\u00e9canique et chimique de la couche picturale.<\/li>\n<li>Masticage des lacunes et r\u00e9int\u00e9gration picturale.<\/li>\n<li>Vernissage.<\/li>\n<li>Conseils pour la future conservation de l&rsquo;\u0153uvre.<\/li>\n<\/ul>\n<\/li><!-- --><li class=\"g1-column g1-one-half g1-valign-top\" id=\"g1-grid-counter-1\" > <a href=\"https:\/\/www.restauracion-obras-arte.com\/wp-content\/uploads\/2014\/02\/Josep-Roca-1.jpg\"><img loading=\"lazy\" decoding=\"async\" class=\"wp-image-3703 size-medium aligncenter\" src=\"https:\/\/www.restauracion-obras-arte.com\/wp-content\/uploads\/2014\/02\/Josep-Roca-1-300x275.jpg\" width=\"300\" height=\"275\" srcset=\"https:\/\/www.restauracion-obras-arte.com\/wp-content\/uploads\/2014\/02\/Josep-Roca-1-300x275.jpg 300w, https:\/\/www.restauracion-obras-arte.com\/wp-content\/uploads\/2014\/02\/Josep-Roca-1.jpg 311w\" sizes=\"auto, (max-width: 300px) 100vw, 300px\" \/><\/a> <\/li><!-- --><\/ul> <ul class=\"g1-grid\"><li class=\"g1-column g1-one-half g1-valign-top\" id=\"g1-grid-counter-0\" > <img loading=\"lazy\" decoding=\"async\" class=\"details-image imagen-circulo aligncenter\" draggable=\"false\" src=\"https:\/\/www.restauracion-obras-arte.com\/wp-content\/uploads\/2014\/02\/restauracion-autorretrato-vitoria-antes-e1742036593434.jpg\" alt=\"\" width=\"292\" height=\"292\" \/><br \/>\n<\/li><!-- --><li class=\"g1-column g1-one-half g1-valign-top\" id=\"g1-grid-counter-1\" >\n<div class=\"special-li-1\">3.<\/div>\n<h4><strong><span style=\"color: #000000;\">Traitements de conservation et restauration de peintures sur cuivre:<\/span><\/strong><\/h4>\n<ul>\n<li>Identification de la technique et des mat\u00e9riaux (composition de la pr\u00e9paration, des pigments, des liants et du vernis).<\/li>\n<li>Refixage des couches picturales.<\/li>\n<li>Nettoyage m\u00e9canique (bistouris, etc.) et chimique (solvants, gels, savons, etc.).<\/li>\n<li>Masticage des lacunes.<\/li>\n<li>R\u00e9int\u00e9gration picturale des pertes.<\/li>\n<li>Vernis de finition.<\/li>\n<li><span style=\"line-height: 1.5em;\">Conseils pour la future conservation de l&rsquo;\u0153uvre.<\/span><\/li>\n<\/ul>\n<\/li><!-- --><\/ul> <\/p>\n","protected":false},"excerpt":{"rendered":"<p>Notre objectif principal est d&rsquo;\u00e9tablir comme priorit\u00e9 la conservation sur la restauration. C&rsquo;est \u00e0 dire, ralentir la d\u00e9gradation et minimiser les dommages pour rendre, dans la mesure du possible, son aspect d&rsquo;origine.<\/p>\n","protected":false},"author":1,"featured_media":0,"parent":0,"menu_order":0,"comment_status":"closed","ping_status":"closed","template":"","meta":{"footnotes":""},"class_list":["post-2297","page","type-page","status-publish","hentry"],"aioseo_notices":[],"_links":{"self":[{"href":"https:\/\/www.restauracion-obras-arte.com\/fr\/wp-json\/wp\/v2\/pages\/2297","targetHints":{"allow":["GET"]}}],"collection":[{"href":"https:\/\/www.restauracion-obras-arte.com\/fr\/wp-json\/wp\/v2\/pages"}],"about":[{"href":"https:\/\/www.restauracion-obras-arte.com\/fr\/wp-json\/wp\/v2\/types\/page"}],"author":[{"embeddable":true,"href":"https:\/\/www.restauracion-obras-arte.com\/fr\/wp-json\/wp\/v2\/users\/1"}],"replies":[{"embeddable":true,"href":"https:\/\/www.restauracion-obras-arte.com\/fr\/wp-json\/wp\/v2\/comments?post=2297"}],"version-history":[{"count":5,"href":"https:\/\/www.restauracion-obras-arte.com\/fr\/wp-json\/wp\/v2\/pages\/2297\/revisions"}],"predecessor-version":[{"id":6043,"href":"https:\/\/www.restauracion-obras-arte.com\/fr\/wp-json\/wp\/v2\/pages\/2297\/revisions\/6043"}],"wp:attachment":[{"href":"https:\/\/www.restauracion-obras-arte.com\/fr\/wp-json\/wp\/v2\/media?parent=2297"}],"curies":[{"name":"wp","href":"https:\/\/api.w.org\/{rel}","templated":true}]}}