{"id":2316,"date":"2014-02-18T11:14:59","date_gmt":"2014-02-18T11:14:59","guid":{"rendered":"https:\/\/www.restauracion-obras-arte.com\/conservacion-restauracion-muebles-2\/"},"modified":"2018-01-24T08:48:20","modified_gmt":"2018-01-24T08:48:20","slug":"conservation-restauration-meubles","status":"publish","type":"page","link":"https:\/\/www.restauracion-obras-arte.com\/fr\/conservation-restauration-meubles\/","title":{"rendered":"Muebles"},"content":{"rendered":"<div style=\"text-align: center;\">\n<hgroup id=\"g1-hgroup-counter-1\" class=\"g1-hgroup g1-type-classic\">\n<h5 class=\"g1-regular\">Meubles<\/h5>\n<h1 class=\"g1-important\">Restauration de meubles<\/h1>\n<\/hgroup>\n<div id=\"g1-divider-counter-1\" class=\"g1-divider g1-type-classic-1\"><\/div>\n<\/div>\n<ul class=\"g1-grid\"><li class=\"g1-column g1-one-half g1-valign-top\" id=\"g1-grid-counter-0\" >\n<p><span style=\"font-size: 28px;\"><span style=\"color: #000000;\">Notre service \u00a0de restauration de<\/span>\u00a0<span style=\"color: #780a0f;\">meubles anciens,<\/span><\/span><\/p>\n<p><span style=\"font-size: 28px;\"><span style=\"color: #780a0f;\">modernes et contemporains\u00a0<\/span><\/span><span style=\"font-size: 28px;\">comprend<\/span><span style=\"color: #000000;\"><span style=\"font-size: 28px;\">:<\/span><\/span><\/p>\n<\/li><!-- -->\n<p><a href=\"https:\/\/www.restauracion-obras-arte.com\/wp-content\/uploads\/2014\/02\/bureau-victoriano1.png\"><img loading=\"lazy\" decoding=\"async\" class=\"size-medium wp-image-3516 alignleft\" src=\"https:\/\/www.restauracion-obras-arte.com\/wp-content\/uploads\/2014\/02\/bureau-victoriano1-300x274.png\" alt=\"bureau victoriano\" width=\"300\" height=\"274\" srcset=\"https:\/\/www.restauracion-obras-arte.com\/wp-content\/uploads\/2014\/02\/bureau-victoriano1-300x274.png 300w, https:\/\/www.restauracion-obras-arte.com\/wp-content\/uploads\/2014\/02\/bureau-victoriano1.png 311w\" sizes=\"auto, (max-width: 300px) 100vw, 300px\" \/><\/a><li class=\"g1-column g1-one-half g1-valign-top\" id=\"g1-grid-counter-1\" >\n<ul>\n<li>Conservation et restauration de meubles massifs, plaqu\u00e9s et en marqueterie<\/li>\n<li>Conservation et restauration\u00a0de meubles laqu\u00e9s \u00e0 l&rsquo;oriental et \u00e0 l&rsquo;europ\u00e9enne<\/li>\n<li>Conservation et restauration de\u00a0muebles polychrom\u00e9s<\/li>\n<li>Conservation et restauration de\u00a0meubles et objets en marqueterie Boulle<\/li>\n<li>Conservation et restauration de meubles anciens, meubles modernes et meubles contemporains<\/li>\n<li>Conservation et restauration de fauteuils, chaises, canap\u00e9s,etc.<\/li>\n<li>Conservation et restauration de\u00a0commodes, cabinets, tables, boiserie, portes, etc.<\/li>\n<\/ul>\n<p><span style=\"line-height: 1.5em;\"><\/li><!-- --><\/ul><\/span><\/p>\n<h4 style=\"text-align: center;\"><strong><span style=\"color: #000000;\">Nos restaurateurs de meubles coop\u00e8rent avec \u00a0des\u00a0<\/span><\/strong> <strong> <span style=\"color: #780a0f;\">restaurateurs de tableaux, des menuisiers, des \u00e9b\u00e9nistes, des bronziers et des tapissiers.<\/span><\/strong><\/h4>\n<ul class=\"g1-grid\"><li class=\"g1-column g1-one-half g1-valign-top\" id=\"g1-grid-counter-0\" >\n<h4><strong><span style=\"color: #000000;\">Traitements de conservation et restauration de meubles anciens et modernes<\/span><\/strong><\/h4>\n<ul>\n<li>D\u00e9crassage et d\u00e9capage<\/li>\n<li>Consolidation du bois et traitement anti-xylofages<\/li>\n<li>Refixage et collage de pi\u00e8ce<\/li>\n<li>D\u00e9pose de placage<\/li>\n<li>Recollage de b\u00e2tis<\/li>\n<li>Teinture de pi\u00e8ces<\/li>\n<li>Nettoyage des m\u00e9taux et traitement anti-rouille<\/li>\n<li>Refixage, nettoyage et r\u00e9integration de polychromies et dorure<\/li>\n<li>Vernissage \u00e0 l&rsquo;huile de lin, gomme laque au tampon,etc.<\/li>\n<li>Cirage<\/li>\n<\/ul>\n<\/li><!-- --><li class=\"g1-column g1-one-half g1-valign-top\" id=\"g1-grid-counter-1\" ><br \/>\n<img loading=\"lazy\" decoding=\"async\" class=\"size-full wp-image-1436 aligncenter\" src=\"https:\/\/www.restauracion-obras-arte.com\/wp-content\/uploads\/2014\/02\/escritorio-laca-estilo-oriental_c.jpg\" alt=\"Restauraci\u00f3n de muebles\" width=\"311\" height=\"285\" \/><br \/>\n<\/li><!-- --><\/ul>\n","protected":false},"excerpt":{"rendered":"<p>Nos restaurateurs de meubles coop\u00e8rent avec \u00a0des\u00a0 restaurateurs de tableaux, des menuisiers, des \u00e9b\u00e9nistes, des bronziers et des tapissiers.<\/p>\n","protected":false},"author":1,"featured_media":0,"parent":0,"menu_order":0,"comment_status":"closed","ping_status":"closed","template":"","meta":{"footnotes":""},"class_list":["post-2316","page","type-page","status-publish","hentry"],"aioseo_notices":[],"_links":{"self":[{"href":"https:\/\/www.restauracion-obras-arte.com\/fr\/wp-json\/wp\/v2\/pages\/2316","targetHints":{"allow":["GET"]}}],"collection":[{"href":"https:\/\/www.restauracion-obras-arte.com\/fr\/wp-json\/wp\/v2\/pages"}],"about":[{"href":"https:\/\/www.restauracion-obras-arte.com\/fr\/wp-json\/wp\/v2\/types\/page"}],"author":[{"embeddable":true,"href":"https:\/\/www.restauracion-obras-arte.com\/fr\/wp-json\/wp\/v2\/users\/1"}],"replies":[{"embeddable":true,"href":"https:\/\/www.restauracion-obras-arte.com\/fr\/wp-json\/wp\/v2\/comments?post=2316"}],"version-history":[{"count":0,"href":"https:\/\/www.restauracion-obras-arte.com\/fr\/wp-json\/wp\/v2\/pages\/2316\/revisions"}],"wp:attachment":[{"href":"https:\/\/www.restauracion-obras-arte.com\/fr\/wp-json\/wp\/v2\/media?parent=2316"}],"curies":[{"name":"wp","href":"https:\/\/api.w.org\/{rel}","templated":true}]}}