{"id":2320,"date":"2014-02-18T11:15:09","date_gmt":"2014-02-18T11:15:09","guid":{"rendered":"https:\/\/www.restauracion-obras-arte.com\/conservacion-restauracion-marcos-espejos-dorados-2\/"},"modified":"2014-04-12T10:15:47","modified_gmt":"2014-04-12T10:15:47","slug":"cadres-miroirs-dorures","status":"publish","type":"page","link":"https:\/\/www.restauracion-obras-arte.com\/fr\/cadres-miroirs-dorures\/","title":{"rendered":"Dorados"},"content":{"rendered":"<div style=\"text-align: center;\">\n<hgroup id=\"g1-hgroup-counter-1\" class=\"g1-hgroup g1-type-classic\">\n<h5 class=\"g1-regular\">Cadres, miroirs et autres objets dor\u00e9s<\/h5>\n<h1 class=\"g1-important\">Restauration de dorures<\/h1>\n<\/hgroup>\n<div id=\"g1-divider-counter-1\" class=\"g1-divider g1-type-classic-1\"><\/div>\n<\/div>\n<ul class=\"g1-grid\"><li class=\"g1-column g1-one-third g1-valign-top\" id=\"g1-grid-counter-0\" >\n<p><span style=\"font-size: 28px;\"><span style=\"color: #000000;\">Nos sp\u00e9cialistes en<\/span>\u00a0<span style=\"color: #780a0f;\">dorures vous proposent leurs services en<\/span><\/span><span style=\"font-size: 28px;\">:<\/span><\/p>\n<\/li><!-- --><li class=\"g1-column g1-two-third g1-valign-top\" id=\"g1-grid-counter-1\" >\n<ul>\n<li>Conservation et restauration de cadres anciens dor\u00e9s ou argent\u00e9s<\/li>\n<li>Conservation et restauration de miroirs, trumeaux, etc.<\/li>\n<li>Conservation et restauration de statuaires dor\u00e9s ou argent\u00e9s<\/li>\n<li>Conservation et restauration de \u00a0tout genre d&rsquo; objets anciens dor\u00e9s ou argent\u00e9s<\/li>\n<\/ul>\n<\/li><!-- --><\/ul>\n<h4 style=\"text-align: center;\"><strong> <span style=\"color: #000000;\">Nos experts traitent autant <\/span><\/strong><strong><span style=\"color: #780a0f;\">la dorure \u00e0 la feuille d&rsquo;or appliqu\u00e9es \u00e0 l&rsquo;eau ou au mistion,<\/span><span style=\"color: #000000;\">\u00a0que la dorure \u00e0 la feuille d&rsquo;argent vernie ou laqu\u00e9e.<\/span><\/strong><\/h4>\n<ul class=\"g1-grid\"><li class=\"g1-column g1-one-half g1-valign-top\" id=\"g1-grid-counter-0\" >\n<h4><strong><span style=\"color: #000000;\">Traitements de conservation et restauration de dorures\u00a0<\/span><\/strong><\/h4>\n<ul>\n<li>Identification de la nature du support et de la thecnique de la dorure<\/li>\n<li>Consolidation du support<\/li>\n<li>Refixage de l&rsquo;or ou argent<\/li>\n<li>Nettoyage des dorures<\/li>\n<li>Enl\u00e8vement de repeints pour retrouver la dorure d&rsquo;origine<\/li>\n<li>Pose de moulages et dorure<\/li>\n<li>R\u00e9int\u00e9gration de pi\u00e8ces de sculptures disparues<\/li>\n<li>R\u00e9int\u00e9gration des dorures suivant la technique d&rsquo;origine<\/li>\n<li>Protection finale<\/li>\n<\/ul>\n<\/li><!-- --><li class=\"g1-column g1-one-half g1-valign-top\" id=\"g1-grid-counter-1\" ><br \/>\n<img loading=\"lazy\" decoding=\"async\" class=\"size-full wp-image-1436 aligncenter\" alt=\"Restauraci\u00f3n de dorados\" src=\"https:\/\/www.restauracion-obras-arte.com\/wp-content\/uploads\/2014\/02\/reposicion-piezas02_c.jpg\" width=\"311\" height=\"285\" \/><br \/>\n<\/li><!-- --><\/ul>\n<p><\/span><\/p>\n","protected":false},"excerpt":{"rendered":"<p>Nos experts traitent autant la dorure \u00e0 la feuille d&rsquo;or appliqu\u00e9es \u00e0 l&rsquo;eau ou au mistion,\u00a0que la dorure \u00e0 la feuille d&rsquo;argent vernie ou laqu\u00e9e.<\/p>\n","protected":false},"author":1,"featured_media":0,"parent":0,"menu_order":0,"comment_status":"closed","ping_status":"closed","template":"","meta":{"footnotes":""},"class_list":["post-2320","page","type-page","status-publish","hentry"],"aioseo_notices":[],"_links":{"self":[{"href":"https:\/\/www.restauracion-obras-arte.com\/fr\/wp-json\/wp\/v2\/pages\/2320","targetHints":{"allow":["GET"]}}],"collection":[{"href":"https:\/\/www.restauracion-obras-arte.com\/fr\/wp-json\/wp\/v2\/pages"}],"about":[{"href":"https:\/\/www.restauracion-obras-arte.com\/fr\/wp-json\/wp\/v2\/types\/page"}],"author":[{"embeddable":true,"href":"https:\/\/www.restauracion-obras-arte.com\/fr\/wp-json\/wp\/v2\/users\/1"}],"replies":[{"embeddable":true,"href":"https:\/\/www.restauracion-obras-arte.com\/fr\/wp-json\/wp\/v2\/comments?post=2320"}],"version-history":[{"count":0,"href":"https:\/\/www.restauracion-obras-arte.com\/fr\/wp-json\/wp\/v2\/pages\/2320\/revisions"}],"wp:attachment":[{"href":"https:\/\/www.restauracion-obras-arte.com\/fr\/wp-json\/wp\/v2\/media?parent=2320"}],"curies":[{"name":"wp","href":"https:\/\/api.w.org\/{rel}","templated":true}]}}