{"id":3214,"date":"2014-04-11T07:02:23","date_gmt":"2014-04-11T07:02:23","guid":{"rendered":"https:\/\/www.restauracion-obras-arte.com\/politica-de-cookies-2\/"},"modified":"2018-05-16T14:22:02","modified_gmt":"2018-05-16T14:22:02","slug":"politique-de-cookies","status":"publish","type":"page","link":"https:\/\/www.restauracion-obras-arte.com\/fr\/politique-de-cookies\/","title":{"rendered":"Politique de Cookies"},"content":{"rendered":"<p>Les \u00abcookies\u00bb sont des fichiers ou des dispositifs informatiques qui sont t\u00e9l\u00e9charg\u00e9s sur votre ordinateur lorsque vous visitez un site internet, et qui permettent d\u2019enregistrer des donn\u00e9es concernant votre utilisation du site concern\u00e9. Les cookies nous permettent d\u2019am\u00e9liorer votre exp\u00e9rience d\u2019utilisateur ainsi que la qualit\u00e9 de notre web.<\/p>\n<p>Nous utilisons des \u00ab\u00a0cookies\u00a0\u00bb propres et de tiers pour g\u00e9rer l&rsquo;acc\u00e8s de l&rsquo;utilisateur, afin d&rsquo;am\u00e9liorer nos services et afficher les informations relatives \u00e0 vos pr\u00e9f\u00e9rences exprim\u00e9es par votre navigation. Pour pouvoir utiliser toutes les fonctionnalit\u00e9s et les services de notre site (par exemple, se connecter comme utilisateur enregistr\u00e9), vous devez activer les \u00ab\u00a0cookies\u00a0\u00bb dans votre navigateur. En naviguant sur notre site Internet et \/ ou en utilisant nos services, vous acceptez notre politique en mati\u00e8re de cookies.<\/p>\n<p>Vous pouvez cependant d\u00e9sactiver l\u2019utilisation des cookies, \u00e0 tout moment, par le biais des param\u00e8tres de votre navigateur (veuillez noter cependant qu\u2019en d\u00e9sactivant les cookies de notre site, vous ne pourrez peut-\u00eatre pas b\u00e9n\u00e9ficier de tous les avantages de notre web). En fonction du\u00a0navigateur utilis\u00e9 vous pouvez choisir de: rejeter certains types de \u00ab\u00a0cookies\u00a0\u00bb; rejeter les \u00ab\u00a0cookies\u00a0\u00bb de tiers; accepter uniquement les \u00ab\u00a0cookies\u00a0\u00bb non persistants; afficher et supprimer individuellement les \u00ab\u00a0cookies\u00a0\u00bb.<\/p>\n<p>Plus d&rsquo;information sur les \u00ab\u00a0cookies\u00a0\u00bb sur: <a href=\"http:\/\/es.wikipedia.org\/wiki\/Cookie\">http:\/\/es.wikipedia.org\/wiki\/Cookie<\/a><\/p>\n<p>&nbsp;<\/p>\n<p>Ce site utilise \u00ab\u00a0Google Analytics\u00a0\u00bb, un service d\u2019analyse des pages web propos\u00e9 par Google Inc. L&rsquo;information obtenue par Google Analytics ne permet pas l&rsquo;identification de l&rsquo;utilisateur, et est utilis\u00e9 uniquement \u00e0 des fins statistiques.<\/p>\n<p>Vous pouvez\u00a0obtenir des informations sur l&rsquo;outil \u00ab\u00a0Google Anaylitics\u00a0\u00bb sur:<\/p>\n<p><a href=\"http:\/\/www.google.es\/intl\/es\/analytics\/privacyoverview.html\">http:\/\/www.google.es\/intl\/es\/analytics\/privacyoverview.html<\/a><\/p>\n","protected":false},"excerpt":{"rendered":"<p>Les \u00abcookies\u00bb sont des fichiers ou des dispositifs informatiques qui sont t\u00e9l\u00e9charg\u00e9s sur votre ordinateur lorsque vous visitez un site internet, et qui permettent d\u2019enregistrer des donn\u00e9es concernant votre utilisation du site concern\u00e9. Les cookies nous permettent d\u2019am\u00e9liorer votre exp\u00e9rience d\u2019utilisateur ainsi que la qualit\u00e9 de notre web. Nous utilisons des \u00ab\u00a0cookies\u00a0\u00bb propres et de [&hellip;]<\/p>\n","protected":false},"author":1,"featured_media":0,"parent":0,"menu_order":0,"comment_status":"closed","ping_status":"closed","template":"","meta":{"footnotes":""},"class_list":["post-3214","page","type-page","status-publish","hentry"],"aioseo_notices":[],"_links":{"self":[{"href":"https:\/\/www.restauracion-obras-arte.com\/fr\/wp-json\/wp\/v2\/pages\/3214","targetHints":{"allow":["GET"]}}],"collection":[{"href":"https:\/\/www.restauracion-obras-arte.com\/fr\/wp-json\/wp\/v2\/pages"}],"about":[{"href":"https:\/\/www.restauracion-obras-arte.com\/fr\/wp-json\/wp\/v2\/types\/page"}],"author":[{"embeddable":true,"href":"https:\/\/www.restauracion-obras-arte.com\/fr\/wp-json\/wp\/v2\/users\/1"}],"replies":[{"embeddable":true,"href":"https:\/\/www.restauracion-obras-arte.com\/fr\/wp-json\/wp\/v2\/comments?post=3214"}],"version-history":[{"count":0,"href":"https:\/\/www.restauracion-obras-arte.com\/fr\/wp-json\/wp\/v2\/pages\/3214\/revisions"}],"wp:attachment":[{"href":"https:\/\/www.restauracion-obras-arte.com\/fr\/wp-json\/wp\/v2\/media?parent=3214"}],"curies":[{"name":"wp","href":"https:\/\/api.w.org\/{rel}","templated":true}]}}