{"id":3361,"date":"2014-04-28T08:17:24","date_gmt":"2014-04-28T08:17:24","guid":{"rendered":"https:\/\/www.restauracion-obras-arte.com\/?page_id=3361"},"modified":"2025-03-15T09:50:54","modified_gmt":"2025-03-15T09:50:54","slug":"avis-legal-et-politique-de-confidentialite","status":"publish","type":"page","link":"https:\/\/www.restauracion-obras-arte.com\/fr\/avis-legal-et-politique-de-confidentialite\/","title":{"rendered":"Avis l\u00e9gal et Politique de Confidentialit\u00e9"},"content":{"rendered":"<p><strong>Coordonn\u00e9es du titulaire de la web<\/strong><\/p>\n<p>Ce site a \u00e9t\u00e9 cr\u00e9e parCARMEN CUBAS BASTERRECHEA pour promouvoir ses services.<\/p>\n<p>Le titulaire apparait au pied de toutes les pages qui le constituent:<\/p>\n<p>&#8211; Titre: IRENE ORUETA CARVALLO<\/p>\n<p><strong>Information sur les produits\u00a0et services<\/strong><\/p>\n<p>A travers ce site vous ne pouvez pas acheter nos produits ou services. Vous pouvez consulter des informations \u00e0 leur sujet. La visite de ce site n&rsquo;implique aucune relation contractuelle avec CARMEN CUBAS BASTERRECHEA.<\/p>\n<p>CARMEN CUBAS BASTERRECHEA se r\u00e9serve le droit de modifier les prix et les sp\u00e9cifications des services annonc\u00e9s sur le site Web, le cas \u00e9ch\u00e9ant. Par cons\u00e9quent, l\u2019information fournie \u00e0 cet \u00e9gard est purement illustrative, de nature g\u00e9n\u00e9rale et sous r\u00e9serve de modifications.<\/p>\n<p><strong>Propri\u00e9t\u00e9 intellectuelle et industrielle<\/strong><\/p>\n<p>Les diff\u00e9rents \u00e9l\u00e9ments de la page et du site dans son ensemble, sont prot\u00e9g\u00e9s par la l\u00e9gislation espagnole sur la propri\u00e9t\u00e9 intellectuelle. Les marques de commerce, les noms commerciaux ou logos affich\u00e9s sur le site sont la propri\u00e9t\u00e9 de la soci\u00e9t\u00e9, ou, le cas \u00e9ch\u00e9ant, de tiers et sont prot\u00e9g\u00e9s par la Loi Organique Espagnole du 17\/2001 du 7 D\u00e9cembre, des brevets et marques, et dont CARMEN CUBAS BASTERRECHEA est l\u00e9gitimement autoris\u00e9e.<\/p>\n<p>L&rsquo;information fournie ne peut pas \u00eatre utilis\u00e9e \u00e0 des fins commerciaux ou publiques, ou modifi\u00e9e. Si l&rsquo;utilisateur t\u00e9l\u00e9charge du mat\u00e9riel pour un usage personnel et non-commercial, les mentions de copyright et les marques doivent \u00eatre maintenues.<\/p>\n<p>Pour t\u00e9l\u00e9charger et utiliser le logo de la soci\u00e9t\u00e9 qui appara\u00eet sur la page Web, une autorisation pr\u00e9alable est n\u00e9cessaire.<\/p>\n<p><strong>D\u00e9ni de responsabilit\u00e9<\/strong><\/p>\n<p>CARMEN CUBAS BASTERRECHEA n\u2019est pas responsable des dommages directs, indirects, sp\u00e9ciaux ou accessoires, ou tout autre dommage, qui pourraient survenir de quelque mani\u00e8re que ce soit et qui sont li\u00e9s \u00e0 l\u2019utilisation du pr\u00e9sent site Web ou \u00e0 la pertinence de l\u2019information qui y est fournie.<\/p>\n<p>Les informations publi\u00e9es sur ce site web peuvent pr\u00e9senter des inexactitudes sur le plan technique ou des erreurs typographiques.<\/p>\n<p>Les informations publi\u00e9es sur ce site web sont susceptibles de modifications \u00e0 tout moment, sans notification pr\u00e9alable et sans obligations de notre part.<\/p>\n<p><strong>Sections pour les utilisateurs enregistr\u00e9s<\/strong><\/p>\n<p>Certains des services offerts dans ce site Web ne sont disponibles que lorsque le processus d&rsquo;inscription est compl\u00e9t\u00e9. \u00c0 ces fins, il est entendu que le processus est toujours compl\u00e9t\u00e9 par une personne agissant avec pleine capacit\u00e9 juridique, que ce soit en son nom propre ou par repr\u00e9sentation.<\/p>\n<p>L&rsquo;utilisateur doit accepter les conditions d&rsquo;utilisation pour acc\u00e9der \u00e0 ces sections.<\/p>\n<p>L&rsquo;utilisateur est seul responsable de l&rsquo;exactitude des informations qu&rsquo;il a fournies, ainsi que des activit\u00e9s r\u00e9alis\u00e9es frauduleusement sous son nom d&rsquo;utilisateur et avec son mot de passe.<\/p>\n<p><strong>Google Analytics Mentions l\u00e9gales<\/strong><\/p>\n<p>Ce site utilise Google Analytics, un service d&rsquo;analyse de site internet fourni par Google Inc., une soci\u00e9t\u00e9 du Delaware dont le si\u00e8ge social est au 1600 Amphitheatre Parkway, Mountain View (Californie), CA 94043, \u00c9tats-Unis (\u00abGoogle\u00bb).<\/p>\n<p>Google Analytics utilise des \u00ab\u00a0cookies\u00a0\u00bb, qui sont des fichiers t\u00e9l\u00e9charg\u00e9s sur votre ordinateur. Les cookies nous aident \u00e0 comprendre le comportement de l&rsquo;utilisateur de notre site Web, ce qui qui nous permet d\u2019am\u00e9liorer leur exp\u00e9rience sur le site. Les donn\u00e9es g\u00e9n\u00e9r\u00e9es par les cookies concernant votre utilisation du site (y compris votre adresse IP) seront transmises et stock\u00e9es par Google sur des serveurs aux \u00c9tats-Unis. Google utilisera cette information en notre nom afin de suivre votre utilisation du site, de compiler des rapports sur l&rsquo;activit\u00e9 du site et de fournir d&rsquo;autres services relatifs \u00e0 l&rsquo;activit\u00e9 du site et \u00e0 l&rsquo;utilisation d&rsquo;Internet. Google peut \u00e9galement transf\u00e9rer ces informations \u00e0 des tiers lorsqu\u2019il est requit de le faire par la L\u00e9gislation, ou lorsque ces tiers traitent les donn\u00e9es pour le compte de Google. Google n\u2019associera pas votre adresse IP avec toute autre donn\u00e9e d\u00e9tenue par Google.<\/p>\n<p>Vous pouvez refuser le traitement des donn\u00e9es ou des informations et rejeter l&rsquo;utilisation de cookies en s\u00e9lectionnant les param\u00e8tres appropri\u00e9s de votre navigateur. En utilisant ce site, vous consentez express\u00e9ment au traitement de vos donn\u00e9es personnelles par Google dans les conditions et pour les finalit\u00e9s d\u00e9crites ci-dessus.<\/p>\n<p><strong>Politique de confidentialit\u00e9<\/strong><\/p>\n<p><a href=\"https:\/\/www.restauracion-obras-arte.com\/fr\/politique-de-confidentialite\/\">Regarder Politique de confidentialit\u00e9<\/a><\/p>\n","protected":false},"excerpt":{"rendered":"<p>Coordonn\u00e9es du titulaire de la web Ce site a \u00e9t\u00e9 cr\u00e9e parCARMEN CUBAS BASTERRECHEA pour promouvoir ses services. Le titulaire apparait au pied de toutes les pages qui le constituent: &#8211; Titre: IRENE ORUETA CARVALLO Information sur les produits\u00a0et services A travers ce site vous ne pouvez pas acheter nos produits ou services. Vous pouvez [&hellip;]<\/p>\n","protected":false},"author":2,"featured_media":0,"parent":0,"menu_order":0,"comment_status":"closed","ping_status":"closed","template":"","meta":{"footnotes":""},"class_list":["post-3361","page","type-page","status-publish","hentry"],"aioseo_notices":[],"_links":{"self":[{"href":"https:\/\/www.restauracion-obras-arte.com\/fr\/wp-json\/wp\/v2\/pages\/3361","targetHints":{"allow":["GET"]}}],"collection":[{"href":"https:\/\/www.restauracion-obras-arte.com\/fr\/wp-json\/wp\/v2\/pages"}],"about":[{"href":"https:\/\/www.restauracion-obras-arte.com\/fr\/wp-json\/wp\/v2\/types\/page"}],"author":[{"embeddable":true,"href":"https:\/\/www.restauracion-obras-arte.com\/fr\/wp-json\/wp\/v2\/users\/2"}],"replies":[{"embeddable":true,"href":"https:\/\/www.restauracion-obras-arte.com\/fr\/wp-json\/wp\/v2\/comments?post=3361"}],"version-history":[{"count":1,"href":"https:\/\/www.restauracion-obras-arte.com\/fr\/wp-json\/wp\/v2\/pages\/3361\/revisions"}],"predecessor-version":[{"id":5146,"href":"https:\/\/www.restauracion-obras-arte.com\/fr\/wp-json\/wp\/v2\/pages\/3361\/revisions\/5146"}],"wp:attachment":[{"href":"https:\/\/www.restauracion-obras-arte.com\/fr\/wp-json\/wp\/v2\/media?parent=3361"}],"curies":[{"name":"wp","href":"https:\/\/api.w.org\/{rel}","templated":true}]}}